{"id":13,"date":"2019-10-01T11:26:47","date_gmt":"2019-10-01T09:26:47","guid":{"rendered":"http:\/\/pyrenees-ariege-saverdun-gite-labourdette.fr\/?page_id=13"},"modified":"2025-01-03T14:57:28","modified_gmt":"2025-01-03T13:57:28","slug":"contact","status":"publish","type":"page","link":"https:\/\/pyrenees-ariege-saverdun-gite-labourdette.fr\/index.php\/contact\/","title":{"rendered":"Contact"},"content":{"rendered":"\n<div class=\"wpcf7 no-js\" id=\"wpcf7-f71-o1\" lang=\"fr-FR\" dir=\"ltr\" data-wpcf7-id=\"71\">\n<div class=\"screen-reader-response\"><p role=\"status\" aria-live=\"polite\" aria-atomic=\"true\"><\/p> <ul><\/ul><\/div>\n<form action=\"\/index.php\/wp-json\/wp\/v2\/pages\/13#wpcf7-f71-o1\" method=\"post\" class=\"wpcf7-form init\" aria-label=\"Formulaire de contact\" novalidate=\"novalidate\" data-status=\"init\">\n<fieldset class=\"hidden-fields-container\"><input type=\"hidden\" name=\"_wpcf7\" value=\"71\" \/><input type=\"hidden\" name=\"_wpcf7_version\" value=\"6.1.5\" \/><input type=\"hidden\" name=\"_wpcf7_locale\" value=\"fr_FR\" \/><input type=\"hidden\" name=\"_wpcf7_unit_tag\" value=\"wpcf7-f71-o1\" \/><input type=\"hidden\" name=\"_wpcf7_container_post\" value=\"0\" \/><input type=\"hidden\" name=\"_wpcf7_posted_data_hash\" value=\"\" \/>\n<\/fieldset>\n<p><label> Votre nom (obligatoire)<br \/>\n<span class=\"wpcf7-form-control-wrap\" data-name=\"your-name\"><input size=\"40\" maxlength=\"400\" class=\"wpcf7-form-control wpcf7-text wpcf7-validates-as-required\" aria-required=\"true\" aria-invalid=\"false\" value=\"\" type=\"text\" name=\"your-name\" \/><\/span> <\/label>\n<\/p>\n<p><label> Votre adresse de messagerie (obligatoire)<br \/>\n<span class=\"wpcf7-form-control-wrap\" data-name=\"your-email\"><input size=\"40\" maxlength=\"400\" class=\"wpcf7-form-control wpcf7-email wpcf7-validates-as-required wpcf7-text wpcf7-validates-as-email\" aria-required=\"true\" aria-invalid=\"false\" value=\"\" type=\"email\" name=\"your-email\" \/><\/span> <\/label>\n<\/p>\n<p><label> Objet<br \/>\n<span class=\"wpcf7-form-control-wrap\" data-name=\"your-subject\"><input size=\"40\" maxlength=\"400\" class=\"wpcf7-form-control wpcf7-text\" aria-invalid=\"false\" value=\"\" type=\"text\" name=\"your-subject\" \/><\/span> <\/label>\n<\/p>\n<p><label> Votre message<br \/>\n<span class=\"wpcf7-form-control-wrap\" data-name=\"your-message\"><textarea cols=\"40\" rows=\"10\" maxlength=\"2000\" class=\"wpcf7-form-control wpcf7-textarea\" aria-invalid=\"false\" name=\"your-message\"><\/textarea><\/span> <\/label>\n<\/p>\n<p><input class=\"wpcf7-form-control wpcf7-submit has-spinner\" type=\"submit\" value=\"Envoyer\" \/>\n<\/p><p style=\"display: none !important;\" class=\"akismet-fields-container\" data-prefix=\"_wpcf7_ak_\"><label>&#916;<textarea name=\"_wpcf7_ak_hp_textarea\" cols=\"45\" rows=\"8\" maxlength=\"100\"><\/textarea><\/label><input type=\"hidden\" id=\"ak_js_1\" name=\"_wpcf7_ak_js\" value=\"182\"\/><script type=\"text\/javascript\">\n\/* <![CDATA[ *\/\ndocument.getElementById( \"ak_js_1\" ).setAttribute( \"value\", ( new Date() ).getTime() );\n\/* ]]> *\/\n<\/script>\n<\/p><div class=\"wpcf7-response-output\" aria-hidden=\"true\"><\/div>\n<\/form>\n<\/div>\n\n\n\n\n<p class=\"has-text-align-left has-text-color\" style=\"color:#44546a\"><strong>Nos coordonn\u00e9es :<\/strong><\/p>\n\n\n\n<div class=\"wp-block-columns is-layout-flex wp-container-core-columns-is-layout-1 wp-block-columns-is-layout-flex\">\n<div class=\"wp-block-column is-layout-flow wp-block-column-is-layout-flow\" style=\"flex-basis:15%\">\n<div class=\"wp-block-image\"><figure class=\"alignright size-large is-resized\"><img decoding=\"async\" src=\"https:\/\/pyrenees-ariege-saverdun-gite-labourdette.fr\/wp-content\/uploads\/2019\/10\/2-1.png\" alt=\"nous trouver - \u00e9crire - contacter - \u00e9changer , partager, envoyer - venir\" class=\"wp-image-360\" width=\"80\" srcset=\"https:\/\/pyrenees-ariege-saverdun-gite-labourdette.fr\/wp-content\/uploads\/2019\/10\/2-1.png 233w, https:\/\/pyrenees-ariege-saverdun-gite-labourdette.fr\/wp-content\/uploads\/2019\/10\/2-1-150x150.png 150w\" sizes=\"(max-width: 233px) 100vw, 233px\" \/><\/figure><\/div>\n<\/div>\n\n\n\n<div class=\"wp-block-column is-vertically-aligned-center is-layout-flow wp-block-column-is-layout-flow\" style=\"flex-basis:66.66%\">\n<p class=\"has-text-color\" style=\"color:#44546a\">La Bourdette, Route de Saint Amans 09700 Saverdun<\/p>\n<\/div>\n<\/div>\n\n\n\n<div class=\"wp-block-columns is-layout-flex wp-container-core-columns-is-layout-2 wp-block-columns-is-layout-flex\">\n<div class=\"wp-block-column is-layout-flow wp-block-column-is-layout-flow\" style=\"flex-basis:15%\">\n<div class=\"wp-block-image\"><figure class=\"alignright size-large is-resized\"><img decoding=\"async\" src=\"https:\/\/pyrenees-ariege-saverdun-gite-labourdette.fr\/wp-content\/uploads\/2019\/10\/4-1.png\" alt=\"gite - t\u00e9l\u00e9phone - ligne direct - \u00e9change - communication de vive voix - facilit\u00e9 d'\u00e9changes - propositions et descriptions des activit\u00e9s - meilleure compr\u00e9hension - liens - communication verbale\" class=\"wp-image-361\" width=\"80\" srcset=\"https:\/\/pyrenees-ariege-saverdun-gite-labourdette.fr\/wp-content\/uploads\/2019\/10\/4-1.png 228w, https:\/\/pyrenees-ariege-saverdun-gite-labourdette.fr\/wp-content\/uploads\/2019\/10\/4-1-150x150.png 150w\" sizes=\"(max-width: 228px) 100vw, 228px\" \/><\/figure><\/div>\n<\/div>\n\n\n\n<div class=\"wp-block-column is-vertically-aligned-center is-layout-flow wp-block-column-is-layout-flow\" style=\"flex-basis:66.66%\">\n<p class=\"has-text-color\" style=\"color:#44546a\">Nicolas CARRERE \u2013 port. 06.25.63.03.17<\/p>\n<\/div>\n<\/div>\n\n\n\n<div class=\"wp-block-columns is-layout-flex wp-container-core-columns-is-layout-3 wp-block-columns-is-layout-flex\">\n<div class=\"wp-block-column is-layout-flow wp-block-column-is-layout-flow\" style=\"flex-basis:15%\">\n<div class=\"wp-block-image\"><figure class=\"alignright size-large is-resized\"><a href=\"mailto:info@bonadei.fr\"><img decoding=\"async\" src=\"https:\/\/pyrenees-ariege-saverdun-gite-labourdette.fr\/wp-content\/uploads\/2019\/10\/3-1.png\" alt=\"contact - \u00e9changes - communication direct - direct avec le propri\u00e9taire - gain - \u00e9conomie - rapidit\u00e9 - \u00e9change -liens\" class=\"wp-image-362\" width=\"80\" srcset=\"https:\/\/pyrenees-ariege-saverdun-gite-labourdette.fr\/wp-content\/uploads\/2019\/10\/3-1.png 229w, https:\/\/pyrenees-ariege-saverdun-gite-labourdette.fr\/wp-content\/uploads\/2019\/10\/3-1-150x150.png 150w\" sizes=\"(max-width: 229px) 100vw, 229px\" \/><\/a><\/figure><\/div>\n<\/div>\n\n\n\n<div class=\"wp-block-column is-vertically-aligned-center is-layout-flow wp-block-column-is-layout-flow\" style=\"flex-basis:66.66%\">\n<p class=\"has-text-color\" style=\"color:#44546a\"><a href=\"mailto:info@bonadei.fr\">nicolas@audomaindupape.com<\/a><\/p>\n<\/div>\n<\/div>\n\n\n\n<div class=\"wp-block-columns is-layout-flex wp-container-core-columns-is-layout-4 wp-block-columns-is-layout-flex\">\n<div class=\"wp-block-column is-layout-flow wp-block-column-is-layout-flow\" style=\"flex-basis:15%\">\n<div class=\"wp-block-image\"><figure class=\"alignright size-large is-resized\"><a href=\"https:\/\/www.facebook.com\/La-bourdette-gite-%C3%A0-saverdun-100284911372149\"><img decoding=\"async\" src=\"https:\/\/pyrenees-ariege-saverdun-gite-labourdette.fr\/wp-content\/uploads\/2019\/10\/1-1.png\" alt=\"r\u00e9seau facebook\" class=\"wp-image-363\" width=\"80\" srcset=\"https:\/\/pyrenees-ariege-saverdun-gite-labourdette.fr\/wp-content\/uploads\/2019\/10\/1-1.png 231w, https:\/\/pyrenees-ariege-saverdun-gite-labourdette.fr\/wp-content\/uploads\/2019\/10\/1-1-150x150.png 150w\" sizes=\"(max-width: 231px) 100vw, 231px\" \/><\/a><\/figure><\/div>\n<\/div>\n\n\n\n<div class=\"wp-block-column is-vertically-aligned-center is-layout-flow wp-block-column-is-layout-flow\" style=\"flex-basis:66.66%\">\n<p class=\"has-text-color\" style=\"color:#44546a\"><a href=\"https:\/\/www.facebook.com\/La-bourdette-gite-%C3%A0-saverdun-100284911372149\">Notre page Facebook<\/a><\/p>\n<\/div>\n<\/div>\n\n\n\n<p><\/p>\n","protected":false},"excerpt":{"rendered":"<p>Nos coordonn\u00e9es : La Bourdette, Route de Saint Amans 09700 Saverdun Nicolas CARRERE \u2013 port. 06.25.63.03.17 nicolas@audomaindupape.com Notre page Facebook<\/p>\n","protected":false},"author":4,"featured_media":0,"parent":0,"menu_order":0,"comment_status":"closed","ping_status":"closed","template":"","meta":{"footnotes":""},"class_list":["post-13","page","type-page","status-publish","hentry"],"yoast_head":"<!-- This site is optimized with the Yoast SEO plugin v26.8 - https:\/\/yoast.com\/product\/yoast-seo-wordpress\/ -->\n<title>Contact - GITE - BONADEI - SAVERDUN - ARIEGE<\/title>\n<meta name=\"robots\" content=\"index, follow, max-snippet:-1, max-image-preview:large, max-video-preview:-1\" \/>\n<link rel=\"canonical\" href=\"https:\/\/pyrenees-ariege-saverdun-gite-labourdette.fr\/index.php\/contact\/\" \/>\n<meta property=\"og:locale\" content=\"fr_FR\" \/>\n<meta property=\"og:type\" content=\"article\" \/>\n<meta property=\"og:title\" content=\"Contact - GITE - BONADEI - SAVERDUN - ARIEGE\" \/>\n<meta property=\"og:description\" content=\"Nos coordonn\u00e9es : La Bourdette, Route de Saint Amans 09700 Saverdun Nicolas CARRERE \u2013 port. 06.25.63.03.17 nicolas@audomaindupape.com Notre page Facebook\" \/>\n<meta property=\"og:url\" content=\"https:\/\/pyrenees-ariege-saverdun-gite-labourdette.fr\/index.php\/contact\/\" \/>\n<meta property=\"og:site_name\" content=\"GITE - BONADEI - SAVERDUN - ARIEGE\" \/>\n<meta property=\"article:modified_time\" content=\"2025-01-03T13:57:28+00:00\" \/>\n<meta property=\"og:image\" content=\"http:\/\/pyrenees-ariege-saverdun-gite-labourdette.fr\/wp-content\/uploads\/2019\/10\/2-1.png\" \/>\n<meta name=\"twitter:card\" content=\"summary_large_image\" \/>\n<meta name=\"twitter:label1\" content=\"Dur\u00e9e de lecture estim\u00e9e\" \/>\n\t<meta name=\"twitter:data1\" content=\"1 minute\" \/>\n<script type=\"application\/ld+json\" class=\"yoast-schema-graph\">{\"@context\":\"https:\/\/schema.org\",\"@graph\":[{\"@type\":\"WebPage\",\"@id\":\"https:\/\/pyrenees-ariege-saverdun-gite-labourdette.fr\/index.php\/contact\/\",\"url\":\"https:\/\/pyrenees-ariege-saverdun-gite-labourdette.fr\/index.php\/contact\/\",\"name\":\"Contact - GITE - BONADEI - SAVERDUN - ARIEGE\",\"isPartOf\":{\"@id\":\"https:\/\/pyrenees-ariege-saverdun-gite-labourdette.fr\/#website\"},\"primaryImageOfPage\":{\"@id\":\"https:\/\/pyrenees-ariege-saverdun-gite-labourdette.fr\/index.php\/contact\/#primaryimage\"},\"image\":{\"@id\":\"https:\/\/pyrenees-ariege-saverdun-gite-labourdette.fr\/index.php\/contact\/#primaryimage\"},\"thumbnailUrl\":\"http:\/\/pyrenees-ariege-saverdun-gite-labourdette.fr\/wp-content\/uploads\/2019\/10\/2-1.png\",\"datePublished\":\"2019-10-01T09:26:47+00:00\",\"dateModified\":\"2025-01-03T13:57:28+00:00\",\"breadcrumb\":{\"@id\":\"https:\/\/pyrenees-ariege-saverdun-gite-labourdette.fr\/index.php\/contact\/#breadcrumb\"},\"inLanguage\":\"fr-FR\",\"potentialAction\":[{\"@type\":\"ReadAction\",\"target\":[\"https:\/\/pyrenees-ariege-saverdun-gite-labourdette.fr\/index.php\/contact\/\"]}]},{\"@type\":\"ImageObject\",\"inLanguage\":\"fr-FR\",\"@id\":\"https:\/\/pyrenees-ariege-saverdun-gite-labourdette.fr\/index.php\/contact\/#primaryimage\",\"url\":\"https:\/\/pyrenees-ariege-saverdun-gite-labourdette.fr\/wp-content\/uploads\/2019\/10\/2-1.png\",\"contentUrl\":\"https:\/\/pyrenees-ariege-saverdun-gite-labourdette.fr\/wp-content\/uploads\/2019\/10\/2-1.png\",\"width\":233,\"height\":233,\"caption\":\"nous trouver - \u00e9crire - contacter - \u00e9changer , partager, envoyer - venir\"},{\"@type\":\"BreadcrumbList\",\"@id\":\"https:\/\/pyrenees-ariege-saverdun-gite-labourdette.fr\/index.php\/contact\/#breadcrumb\",\"itemListElement\":[{\"@type\":\"ListItem\",\"position\":1,\"name\":\"Accueil\",\"item\":\"https:\/\/pyrenees-ariege-saverdun-gite-labourdette.fr\/\"},{\"@type\":\"ListItem\",\"position\":2,\"name\":\"Contact\"}]},{\"@type\":\"WebSite\",\"@id\":\"https:\/\/pyrenees-ariege-saverdun-gite-labourdette.fr\/#website\",\"url\":\"https:\/\/pyrenees-ariege-saverdun-gite-labourdette.fr\/\",\"name\":\"GITE - LA BOURDETTE - BONADEI - SAVERDUN - ARIEGE\",\"description\":\"GITE CHALEUREUX POUR 15 PERSONNES A SAVERDUN\",\"publisher\":{\"@id\":\"https:\/\/pyrenees-ariege-saverdun-gite-labourdette.fr\/#organization\"},\"potentialAction\":[{\"@type\":\"SearchAction\",\"target\":{\"@type\":\"EntryPoint\",\"urlTemplate\":\"https:\/\/pyrenees-ariege-saverdun-gite-labourdette.fr\/?s={search_term_string}\"},\"query-input\":{\"@type\":\"PropertyValueSpecification\",\"valueRequired\":true,\"valueName\":\"search_term_string\"}}],\"inLanguage\":\"fr-FR\"},{\"@type\":\"Organization\",\"@id\":\"https:\/\/pyrenees-ariege-saverdun-gite-labourdette.fr\/#organization\",\"name\":\"AB DEVELOPPEMENT\",\"url\":\"https:\/\/pyrenees-ariege-saverdun-gite-labourdette.fr\/\",\"logo\":{\"@type\":\"ImageObject\",\"inLanguage\":\"fr-FR\",\"@id\":\"https:\/\/pyrenees-ariege-saverdun-gite-labourdette.fr\/#\/schema\/logo\/image\/\",\"url\":\"https:\/\/pyrenees-ariege-saverdun-gite-labourdette.fr\/wp-content\/uploads\/2019\/10\/cropped-LOGO-e1570091373935-5.png\",\"contentUrl\":\"https:\/\/pyrenees-ariege-saverdun-gite-labourdette.fr\/wp-content\/uploads\/2019\/10\/cropped-LOGO-e1570091373935-5.png\",\"width\":100,\"height\":89,\"caption\":\"AB DEVELOPPEMENT\"},\"image\":{\"@id\":\"https:\/\/pyrenees-ariege-saverdun-gite-labourdette.fr\/#\/schema\/logo\/image\/\"},\"sameAs\":[\"https:\/\/www.youtube.com\/channel\/UC6BzW7WeKwgnxvTOGU3AD_A\"]}]}<\/script>\n<!-- \/ Yoast SEO plugin. -->","yoast_head_json":{"title":"Contact - GITE - BONADEI - SAVERDUN - ARIEGE","robots":{"index":"index","follow":"follow","max-snippet":"max-snippet:-1","max-image-preview":"max-image-preview:large","max-video-preview":"max-video-preview:-1"},"canonical":"https:\/\/pyrenees-ariege-saverdun-gite-labourdette.fr\/index.php\/contact\/","og_locale":"fr_FR","og_type":"article","og_title":"Contact - GITE - BONADEI - SAVERDUN - ARIEGE","og_description":"Nos coordonn\u00e9es : La Bourdette, Route de Saint Amans 09700 Saverdun Nicolas CARRERE \u2013 port. 06.25.63.03.17 nicolas@audomaindupape.com Notre page Facebook","og_url":"https:\/\/pyrenees-ariege-saverdun-gite-labourdette.fr\/index.php\/contact\/","og_site_name":"GITE - BONADEI - SAVERDUN - ARIEGE","article_modified_time":"2025-01-03T13:57:28+00:00","og_image":[{"url":"http:\/\/pyrenees-ariege-saverdun-gite-labourdette.fr\/wp-content\/uploads\/2019\/10\/2-1.png","type":"","width":"","height":""}],"twitter_card":"summary_large_image","twitter_misc":{"Dur\u00e9e de lecture estim\u00e9e":"1 minute"},"schema":{"@context":"https:\/\/schema.org","@graph":[{"@type":"WebPage","@id":"https:\/\/pyrenees-ariege-saverdun-gite-labourdette.fr\/index.php\/contact\/","url":"https:\/\/pyrenees-ariege-saverdun-gite-labourdette.fr\/index.php\/contact\/","name":"Contact - GITE - BONADEI - SAVERDUN - ARIEGE","isPartOf":{"@id":"https:\/\/pyrenees-ariege-saverdun-gite-labourdette.fr\/#website"},"primaryImageOfPage":{"@id":"https:\/\/pyrenees-ariege-saverdun-gite-labourdette.fr\/index.php\/contact\/#primaryimage"},"image":{"@id":"https:\/\/pyrenees-ariege-saverdun-gite-labourdette.fr\/index.php\/contact\/#primaryimage"},"thumbnailUrl":"http:\/\/pyrenees-ariege-saverdun-gite-labourdette.fr\/wp-content\/uploads\/2019\/10\/2-1.png","datePublished":"2019-10-01T09:26:47+00:00","dateModified":"2025-01-03T13:57:28+00:00","breadcrumb":{"@id":"https:\/\/pyrenees-ariege-saverdun-gite-labourdette.fr\/index.php\/contact\/#breadcrumb"},"inLanguage":"fr-FR","potentialAction":[{"@type":"ReadAction","target":["https:\/\/pyrenees-ariege-saverdun-gite-labourdette.fr\/index.php\/contact\/"]}]},{"@type":"ImageObject","inLanguage":"fr-FR","@id":"https:\/\/pyrenees-ariege-saverdun-gite-labourdette.fr\/index.php\/contact\/#primaryimage","url":"https:\/\/pyrenees-ariege-saverdun-gite-labourdette.fr\/wp-content\/uploads\/2019\/10\/2-1.png","contentUrl":"https:\/\/pyrenees-ariege-saverdun-gite-labourdette.fr\/wp-content\/uploads\/2019\/10\/2-1.png","width":233,"height":233,"caption":"nous trouver - \u00e9crire - contacter - \u00e9changer , partager, envoyer - venir"},{"@type":"BreadcrumbList","@id":"https:\/\/pyrenees-ariege-saverdun-gite-labourdette.fr\/index.php\/contact\/#breadcrumb","itemListElement":[{"@type":"ListItem","position":1,"name":"Accueil","item":"https:\/\/pyrenees-ariege-saverdun-gite-labourdette.fr\/"},{"@type":"ListItem","position":2,"name":"Contact"}]},{"@type":"WebSite","@id":"https:\/\/pyrenees-ariege-saverdun-gite-labourdette.fr\/#website","url":"https:\/\/pyrenees-ariege-saverdun-gite-labourdette.fr\/","name":"GITE - LA BOURDETTE - BONADEI - SAVERDUN - ARIEGE","description":"GITE CHALEUREUX POUR 15 PERSONNES A SAVERDUN","publisher":{"@id":"https:\/\/pyrenees-ariege-saverdun-gite-labourdette.fr\/#organization"},"potentialAction":[{"@type":"SearchAction","target":{"@type":"EntryPoint","urlTemplate":"https:\/\/pyrenees-ariege-saverdun-gite-labourdette.fr\/?s={search_term_string}"},"query-input":{"@type":"PropertyValueSpecification","valueRequired":true,"valueName":"search_term_string"}}],"inLanguage":"fr-FR"},{"@type":"Organization","@id":"https:\/\/pyrenees-ariege-saverdun-gite-labourdette.fr\/#organization","name":"AB DEVELOPPEMENT","url":"https:\/\/pyrenees-ariege-saverdun-gite-labourdette.fr\/","logo":{"@type":"ImageObject","inLanguage":"fr-FR","@id":"https:\/\/pyrenees-ariege-saverdun-gite-labourdette.fr\/#\/schema\/logo\/image\/","url":"https:\/\/pyrenees-ariege-saverdun-gite-labourdette.fr\/wp-content\/uploads\/2019\/10\/cropped-LOGO-e1570091373935-5.png","contentUrl":"https:\/\/pyrenees-ariege-saverdun-gite-labourdette.fr\/wp-content\/uploads\/2019\/10\/cropped-LOGO-e1570091373935-5.png","width":100,"height":89,"caption":"AB DEVELOPPEMENT"},"image":{"@id":"https:\/\/pyrenees-ariege-saverdun-gite-labourdette.fr\/#\/schema\/logo\/image\/"},"sameAs":["https:\/\/www.youtube.com\/channel\/UC6BzW7WeKwgnxvTOGU3AD_A"]}]}},"_links":{"self":[{"href":"https:\/\/pyrenees-ariege-saverdun-gite-labourdette.fr\/index.php\/wp-json\/wp\/v2\/pages\/13","targetHints":{"allow":["GET"]}}],"collection":[{"href":"https:\/\/pyrenees-ariege-saverdun-gite-labourdette.fr\/index.php\/wp-json\/wp\/v2\/pages"}],"about":[{"href":"https:\/\/pyrenees-ariege-saverdun-gite-labourdette.fr\/index.php\/wp-json\/wp\/v2\/types\/page"}],"author":[{"embeddable":true,"href":"https:\/\/pyrenees-ariege-saverdun-gite-labourdette.fr\/index.php\/wp-json\/wp\/v2\/users\/4"}],"replies":[{"embeddable":true,"href":"https:\/\/pyrenees-ariege-saverdun-gite-labourdette.fr\/index.php\/wp-json\/wp\/v2\/comments?post=13"}],"version-history":[{"count":35,"href":"https:\/\/pyrenees-ariege-saverdun-gite-labourdette.fr\/index.php\/wp-json\/wp\/v2\/pages\/13\/revisions"}],"predecessor-version":[{"id":1028,"href":"https:\/\/pyrenees-ariege-saverdun-gite-labourdette.fr\/index.php\/wp-json\/wp\/v2\/pages\/13\/revisions\/1028"}],"wp:attachment":[{"href":"https:\/\/pyrenees-ariege-saverdun-gite-labourdette.fr\/index.php\/wp-json\/wp\/v2\/media?parent=13"}],"curies":[{"name":"wp","href":"https:\/\/api.w.org\/{rel}","templated":true}]}}