{"id":15,"date":"2019-10-01T11:27:23","date_gmt":"2019-10-01T09:27:23","guid":{"rendered":"http:\/\/pyrenees-ariege-saverdun-gite-labourdette.fr\/?page_id=15"},"modified":"2025-01-03T14:52:44","modified_gmt":"2025-01-03T13:52:44","slug":"informations-touristiques","status":"publish","type":"page","link":"https:\/\/pyrenees-ariege-saverdun-gite-labourdette.fr\/index.php\/informations-touristiques\/","title":{"rendered":"Informations touristiques"},"content":{"rendered":"\n<p class=\"has-text-align-center has-text-color has-medium-font-size\" style=\"color:#44546a\"> Besoin d&rsquo;id\u00e9e, voici un aper\u00e7u des activit\u00e9s disponibles aux alentours.&nbsp;Mais pas d\u2019inqui\u00e9tude, nous avons mis sur place \u00e0 votre disposition divers&nbsp;flyers, magazines et livres qui pourront vous inspirer et vous guider. <\/p>\n\n\n\n<div class=\"wp-block-group\"><div class=\"wp-block-group__inner-container is-layout-flow wp-block-group-is-layout-flow\">\n<div class=\"wp-block-group\"><div class=\"wp-block-group__inner-container is-layout-flow wp-block-group-is-layout-flow\">\n<div class=\"wp-block-group\"><div class=\"wp-block-group__inner-container is-layout-flow wp-block-group-is-layout-flow\">\n<div class=\"wp-block-columns is-layout-flex wp-container-core-columns-is-layout-1 wp-block-columns-is-layout-flex\">\n<div class=\"wp-block-column is-layout-flow wp-block-column-is-layout-flow\">\n<figure class=\"wp-block-image size-large\"><a href=\"https:\/\/villedesaverdun.com\/vie-ensemble\/tourisme\" target=\"_blank\" rel=\"noopener\"><img loading=\"lazy\" decoding=\"async\" width=\"500\" height=\"340\" src=\"https:\/\/pyrenees-ariege-saverdun-gite-labourdette.fr\/wp-content\/uploads\/2020\/08\/01.png\" alt=\"\" class=\"wp-image-894\" srcset=\"https:\/\/pyrenees-ariege-saverdun-gite-labourdette.fr\/wp-content\/uploads\/2020\/08\/01.png 500w, https:\/\/pyrenees-ariege-saverdun-gite-labourdette.fr\/wp-content\/uploads\/2020\/08\/01-300x204.png 300w\" sizes=\"auto, (max-width: 500px) 100vw, 500px\" \/><\/a><\/figure>\n\n\n\n<p class=\"has-text-align-center has-text-color\" style=\"color:#44546a\"><strong><a href=\"https:\/\/villedesaverdun.com\/vie-ensemble\/tourisme\" target=\"_blank\" rel=\"noreferrer noopener\">Annuaire des loisirs et restaurants \u00e0 Saverdun<\/a><\/strong><\/p>\n<\/div>\n\n\n\n<div class=\"wp-block-column is-layout-flow wp-block-column-is-layout-flow\">\n<figure class=\"wp-block-image size-large\"><a href=\"https:\/\/villedesaverdun.com\/vivre-a-saverdun\/sante-et-social\" target=\"_blank\" rel=\"noopener\"><img loading=\"lazy\" decoding=\"async\" width=\"500\" height=\"340\" src=\"https:\/\/pyrenees-ariege-saverdun-gite-labourdette.fr\/wp-content\/uploads\/2020\/08\/02.png\" alt=\"\" class=\"wp-image-895\" srcset=\"https:\/\/pyrenees-ariege-saverdun-gite-labourdette.fr\/wp-content\/uploads\/2020\/08\/02.png 500w, https:\/\/pyrenees-ariege-saverdun-gite-labourdette.fr\/wp-content\/uploads\/2020\/08\/02-300x204.png 300w\" sizes=\"auto, (max-width: 500px) 100vw, 500px\" \/><\/a><\/figure>\n\n\n\n<p class=\"has-text-align-center has-text-color\" style=\"color:#44546a\"><strong><a href=\"https:\/\/villedesaverdun.com\/vivre-a-saverdun\/sante-et-social\" target=\"_blank\" rel=\"noreferrer noopener\">Annuaire des services m\u00e9dicaux<\/a><\/strong><\/p>\n<\/div>\n<\/div>\n<\/div><\/div>\n<\/div><\/div>\n<\/div><\/div>\n\n\n\n<div class=\"wp-block-columns is-layout-flex wp-container-core-columns-is-layout-2 wp-block-columns-is-layout-flex\">\n<div class=\"wp-block-column is-layout-flow wp-block-column-is-layout-flow\">\n<figure class=\"wp-block-image size-large\"><a href=\"https:\/\/villedesaverdun.com\/vivre-a-saverdun\/producteur-commercant-et-entrepreneur\" target=\"_blank\" rel=\"noopener\"><img loading=\"lazy\" decoding=\"async\" width=\"500\" height=\"340\" src=\"https:\/\/pyrenees-ariege-saverdun-gite-labourdette.fr\/wp-content\/uploads\/2020\/08\/04.png\" alt=\"\" class=\"wp-image-897\" srcset=\"https:\/\/pyrenees-ariege-saverdun-gite-labourdette.fr\/wp-content\/uploads\/2020\/08\/04.png 500w, https:\/\/pyrenees-ariege-saverdun-gite-labourdette.fr\/wp-content\/uploads\/2020\/08\/04-300x204.png 300w\" sizes=\"auto, (max-width: 500px) 100vw, 500px\" \/><\/a><\/figure>\n\n\n\n<p class=\"has-text-align-center has-text-color\" style=\"color:#44546a\"><strong><a href=\"https:\/\/villedesaverdun.com\/vivre-a-saverdun\/producteur-commercant-et-entrepreneur\" target=\"_blank\" rel=\"noreferrer noopener\">Annuaire des producteurs locaux et commer\u00e7ants de la ville<\/a><\/strong><\/p>\n<\/div>\n\n\n\n<div class=\"wp-block-column is-layout-flow wp-block-column-is-layout-flow\">\n<figure class=\"wp-block-image size-large\"><a href=\"https:\/\/villedesaverdun.com\/vie-ensemble\/culture\" target=\"_blank\" rel=\"noopener\"><img loading=\"lazy\" decoding=\"async\" width=\"500\" height=\"340\" src=\"https:\/\/pyrenees-ariege-saverdun-gite-labourdette.fr\/wp-content\/uploads\/2020\/08\/06.png\" alt=\"\" class=\"wp-image-899\" srcset=\"https:\/\/pyrenees-ariege-saverdun-gite-labourdette.fr\/wp-content\/uploads\/2020\/08\/06.png 500w, https:\/\/pyrenees-ariege-saverdun-gite-labourdette.fr\/wp-content\/uploads\/2020\/08\/06-300x204.png 300w\" sizes=\"auto, (max-width: 500px) 100vw, 500px\" \/><\/a><\/figure>\n\n\n\n<p class=\"has-text-align-center has-text-color\" style=\"color:#44546a\"><strong><a href=\"https:\/\/villedesaverdun.com\/vie-ensemble\/culture\" target=\"_blank\" rel=\"noreferrer noopener\">Culture<\/a><\/strong><\/p>\n<\/div>\n<\/div>\n\n\n\n<div class=\"wp-block-columns is-layout-flex wp-container-core-columns-is-layout-3 wp-block-columns-is-layout-flex\">\n<div class=\"wp-block-column is-layout-flow wp-block-column-is-layout-flow\">\n<figure class=\"wp-block-image size-large\"><a href=\"https:\/\/www.pyrenees-ariegeoises.com\/\" target=\"_blank\" rel=\"noopener\"><img loading=\"lazy\" decoding=\"async\" width=\"500\" height=\"340\" src=\"https:\/\/pyrenees-ariege-saverdun-gite-labourdette.fr\/wp-content\/uploads\/2020\/08\/07.png\" alt=\"\" class=\"wp-image-900\" srcset=\"https:\/\/pyrenees-ariege-saverdun-gite-labourdette.fr\/wp-content\/uploads\/2020\/08\/07.png 500w, https:\/\/pyrenees-ariege-saverdun-gite-labourdette.fr\/wp-content\/uploads\/2020\/08\/07-300x204.png 300w\" sizes=\"auto, (max-width: 500px) 100vw, 500px\" \/><\/a><\/figure>\n\n\n\n<p class=\"has-text-align-center has-text-color\" style=\"color:#44546a\"><strong><a href=\"https:\/\/www.pyrenees-ariegeoises.com\/\" target=\"_blank\" rel=\"noreferrer noopener\">Office de Tourisme de l&rsquo;Ari\u00e8ge<\/a><\/strong><\/p>\n<\/div>\n\n\n\n<div class=\"wp-block-column is-layout-flow wp-block-column-is-layout-flow\">\n<figure class=\"wp-block-image size-large\"><a href=\"https:\/\/www.grand-carcassonne-tourisme.fr\/\" target=\"_blank\" rel=\"noopener\"><img loading=\"lazy\" decoding=\"async\" width=\"500\" height=\"340\" src=\"https:\/\/pyrenees-ariege-saverdun-gite-labourdette.fr\/wp-content\/uploads\/2020\/08\/08.png\" alt=\"\" class=\"wp-image-901\" srcset=\"https:\/\/pyrenees-ariege-saverdun-gite-labourdette.fr\/wp-content\/uploads\/2020\/08\/08.png 500w, https:\/\/pyrenees-ariege-saverdun-gite-labourdette.fr\/wp-content\/uploads\/2020\/08\/08-300x204.png 300w\" sizes=\"auto, (max-width: 500px) 100vw, 500px\" \/><\/a><\/figure>\n\n\n\n<p class=\"has-text-align-center has-text-color\" style=\"color:#44546a\"><strong><a href=\"https:\/\/www.grand-carcassonne-tourisme.fr\/\" target=\"_blank\" rel=\"noreferrer noopener\">Office de Tourisme de Carcassonne<\/a><\/strong><\/p>\n<\/div>\n<\/div>\n\n\n\n<div class=\"wp-block-columns is-layout-flex wp-container-core-columns-is-layout-4 wp-block-columns-is-layout-flex\">\n<div class=\"wp-block-column is-layout-flow wp-block-column-is-layout-flow\">\n<figure class=\"wp-block-image size-large\"><a href=\"https:\/\/www.toulouse-tourisme.com\/\" target=\"_blank\" rel=\"noopener\"><img loading=\"lazy\" decoding=\"async\" width=\"500\" height=\"340\" src=\"https:\/\/pyrenees-ariege-saverdun-gite-labourdette.fr\/wp-content\/uploads\/2020\/08\/09.png\" alt=\"\" class=\"wp-image-902\" srcset=\"https:\/\/pyrenees-ariege-saverdun-gite-labourdette.fr\/wp-content\/uploads\/2020\/08\/09.png 500w, https:\/\/pyrenees-ariege-saverdun-gite-labourdette.fr\/wp-content\/uploads\/2020\/08\/09-300x204.png 300w\" sizes=\"auto, (max-width: 500px) 100vw, 500px\" \/><\/a><\/figure>\n\n\n\n<p class=\"has-text-align-center has-text-color\" style=\"color:#44546a\"><strong><a href=\"https:\/\/www.toulouse-tourisme.com\/\" target=\"_blank\" rel=\"noreferrer noopener\">Office de Tourisme de Toulouse<\/a><\/strong><\/p>\n<\/div>\n\n\n\n<div class=\"wp-block-column is-layout-flow wp-block-column-is-layout-flow\">\n<figure class=\"wp-block-image size-large\"><a href=\"https:\/\/www.canoe-ariege.com\/\" target=\"_blank\" rel=\"noopener\"><img loading=\"lazy\" decoding=\"async\" width=\"500\" height=\"340\" src=\"https:\/\/pyrenees-ariege-saverdun-gite-labourdette.fr\/wp-content\/uploads\/2020\/08\/12.png\" alt=\"\" class=\"wp-image-905\" srcset=\"https:\/\/pyrenees-ariege-saverdun-gite-labourdette.fr\/wp-content\/uploads\/2020\/08\/12.png 500w, https:\/\/pyrenees-ariege-saverdun-gite-labourdette.fr\/wp-content\/uploads\/2020\/08\/12-300x204.png 300w\" sizes=\"auto, (max-width: 500px) 100vw, 500px\" \/><\/a><\/figure>\n\n\n\n<p class=\"has-text-align-center has-text-color\" style=\"color:#44546a\"><strong><a href=\"https:\/\/www.canoe-ariege.com\/\" target=\"_blank\" rel=\"noreferrer noopener\">A 10 min du g\u00eete : Rando, Cano\u00eb Kayac, Accrobranches, Aventures<\/a><\/strong><\/p>\n<\/div>\n<\/div>\n\n\n\n<div class=\"wp-block-columns is-layout-flex wp-container-core-columns-is-layout-5 wp-block-columns-is-layout-flex\">\n<div class=\"wp-block-column is-layout-flow wp-block-column-is-layout-flow\">\n<figure class=\"wp-block-image size-large\"><a href=\"https:\/\/www.ax.ski\/fr\/\" target=\"_blank\" rel=\"noopener\"><img loading=\"lazy\" decoding=\"async\" width=\"500\" height=\"340\" src=\"https:\/\/pyrenees-ariege-saverdun-gite-labourdette.fr\/wp-content\/uploads\/2020\/08\/10.png\" alt=\"\" class=\"wp-image-903\" srcset=\"https:\/\/pyrenees-ariege-saverdun-gite-labourdette.fr\/wp-content\/uploads\/2020\/08\/10.png 500w, https:\/\/pyrenees-ariege-saverdun-gite-labourdette.fr\/wp-content\/uploads\/2020\/08\/10-300x204.png 300w\" sizes=\"auto, (max-width: 500px) 100vw, 500px\" \/><\/a><\/figure>\n\n\n\n<p class=\"has-text-align-center has-text-color\" style=\"color:#44546a\"><strong><a href=\"https:\/\/www.ax.ski\/fr\/\" target=\"_blank\" rel=\"noreferrer noopener\">Ax les trois domaines &#8211; Randonn\u00e9e et Ski<\/a><\/strong><\/p>\n<\/div>\n\n\n\n<div class=\"wp-block-column is-layout-flow wp-block-column-is-layout-flow\">\n<figure class=\"wp-block-image size-large\"><a href=\"https:\/\/www.bains-couloubret.com\/\" target=\"_blank\" rel=\"noopener\"><img loading=\"lazy\" decoding=\"async\" width=\"500\" height=\"340\" src=\"https:\/\/pyrenees-ariege-saverdun-gite-labourdette.fr\/wp-content\/uploads\/2020\/08\/11.png\" alt=\"\" class=\"wp-image-904\" srcset=\"https:\/\/pyrenees-ariege-saverdun-gite-labourdette.fr\/wp-content\/uploads\/2020\/08\/11.png 500w, https:\/\/pyrenees-ariege-saverdun-gite-labourdette.fr\/wp-content\/uploads\/2020\/08\/11-300x204.png 300w\" sizes=\"auto, (max-width: 500px) 100vw, 500px\" \/><\/a><\/figure>\n\n\n\n<p class=\"has-text-align-center has-text-color\" style=\"color:#44546a\"><strong><a href=\"https:\/\/www.bains-couloubret.com\/\" target=\"_blank\" rel=\"noreferrer noopener\">Ax les trois domaines &#8211; Baln\u00e9o et activit\u00e9s thermales<\/a><\/strong><\/p>\n<\/div>\n<\/div>\n\n\n\n<p><\/p>\n","protected":false},"excerpt":{"rendered":"<p>Besoin d&rsquo;id\u00e9e, voici un aper\u00e7u des activit\u00e9s disponibles aux alentours.&nbsp;Mais pas d\u2019inqui\u00e9tude, nous avons mis sur place \u00e0 votre disposition divers&nbsp;flyers, magazines et livres qui pourront vous inspirer et vous &#8230; <\/p>\n<div class=\"text-center\"><a class=\"more-link\" href=\"https:\/\/pyrenees-ariege-saverdun-gite-labourdette.fr\/index.php\/informations-touristiques\/\">Read More <i class=\"fa fa-angle-double-right\"><\/i><\/a><\/div>\n","protected":false},"author":4,"featured_media":0,"parent":0,"menu_order":0,"comment_status":"closed","ping_status":"closed","template":"","meta":{"footnotes":""},"class_list":["post-15","page","type-page","status-publish","hentry"],"yoast_head":"<!-- This site is optimized with the Yoast SEO plugin v26.8 - https:\/\/yoast.com\/product\/yoast-seo-wordpress\/ -->\n<title>Informations touristiques - GITE - BONADEI - SAVERDUN - ARIEGE<\/title>\n<meta name=\"robots\" content=\"index, follow, max-snippet:-1, max-image-preview:large, max-video-preview:-1\" \/>\n<link rel=\"canonical\" href=\"https:\/\/pyrenees-ariege-saverdun-gite-labourdette.fr\/index.php\/informations-touristiques\/\" \/>\n<meta property=\"og:locale\" content=\"fr_FR\" \/>\n<meta property=\"og:type\" content=\"article\" \/>\n<meta property=\"og:title\" content=\"Informations touristiques - GITE - BONADEI - SAVERDUN - ARIEGE\" \/>\n<meta property=\"og:description\" content=\"Besoin d&rsquo;id\u00e9e, voici un aper\u00e7u des activit\u00e9s disponibles aux alentours.&nbsp;Mais pas d\u2019inqui\u00e9tude, nous avons mis sur place \u00e0 votre disposition divers&nbsp;flyers, magazines et livres qui pourront vous inspirer et vous ... Read More\" \/>\n<meta property=\"og:url\" content=\"https:\/\/pyrenees-ariege-saverdun-gite-labourdette.fr\/index.php\/informations-touristiques\/\" \/>\n<meta property=\"og:site_name\" content=\"GITE - BONADEI - SAVERDUN - ARIEGE\" \/>\n<meta property=\"article:modified_time\" content=\"2025-01-03T13:52:44+00:00\" \/>\n<meta property=\"og:image\" content=\"http:\/\/pyrenees-ariege-saverdun-gite-labourdette.fr\/wp-content\/uploads\/2020\/08\/01.png\" \/>\n<meta name=\"twitter:card\" content=\"summary_large_image\" \/>\n<meta name=\"twitter:label1\" content=\"Dur\u00e9e de lecture estim\u00e9e\" \/>\n\t<meta name=\"twitter:data1\" content=\"3 minutes\" \/>\n<script type=\"application\/ld+json\" class=\"yoast-schema-graph\">{\"@context\":\"https:\/\/schema.org\",\"@graph\":[{\"@type\":\"WebPage\",\"@id\":\"https:\/\/pyrenees-ariege-saverdun-gite-labourdette.fr\/index.php\/informations-touristiques\/\",\"url\":\"https:\/\/pyrenees-ariege-saverdun-gite-labourdette.fr\/index.php\/informations-touristiques\/\",\"name\":\"Informations touristiques - GITE - BONADEI - SAVERDUN - ARIEGE\",\"isPartOf\":{\"@id\":\"https:\/\/pyrenees-ariege-saverdun-gite-labourdette.fr\/#website\"},\"primaryImageOfPage\":{\"@id\":\"https:\/\/pyrenees-ariege-saverdun-gite-labourdette.fr\/index.php\/informations-touristiques\/#primaryimage\"},\"image\":{\"@id\":\"https:\/\/pyrenees-ariege-saverdun-gite-labourdette.fr\/index.php\/informations-touristiques\/#primaryimage\"},\"thumbnailUrl\":\"http:\/\/pyrenees-ariege-saverdun-gite-labourdette.fr\/wp-content\/uploads\/2020\/08\/01.png\",\"datePublished\":\"2019-10-01T09:27:23+00:00\",\"dateModified\":\"2025-01-03T13:52:44+00:00\",\"breadcrumb\":{\"@id\":\"https:\/\/pyrenees-ariege-saverdun-gite-labourdette.fr\/index.php\/informations-touristiques\/#breadcrumb\"},\"inLanguage\":\"fr-FR\",\"potentialAction\":[{\"@type\":\"ReadAction\",\"target\":[\"https:\/\/pyrenees-ariege-saverdun-gite-labourdette.fr\/index.php\/informations-touristiques\/\"]}]},{\"@type\":\"ImageObject\",\"inLanguage\":\"fr-FR\",\"@id\":\"https:\/\/pyrenees-ariege-saverdun-gite-labourdette.fr\/index.php\/informations-touristiques\/#primaryimage\",\"url\":\"https:\/\/pyrenees-ariege-saverdun-gite-labourdette.fr\/wp-content\/uploads\/2020\/08\/01.png\",\"contentUrl\":\"https:\/\/pyrenees-ariege-saverdun-gite-labourdette.fr\/wp-content\/uploads\/2020\/08\/01.png\",\"width\":500,\"height\":340},{\"@type\":\"BreadcrumbList\",\"@id\":\"https:\/\/pyrenees-ariege-saverdun-gite-labourdette.fr\/index.php\/informations-touristiques\/#breadcrumb\",\"itemListElement\":[{\"@type\":\"ListItem\",\"position\":1,\"name\":\"Accueil\",\"item\":\"https:\/\/pyrenees-ariege-saverdun-gite-labourdette.fr\/\"},{\"@type\":\"ListItem\",\"position\":2,\"name\":\"Informations touristiques\"}]},{\"@type\":\"WebSite\",\"@id\":\"https:\/\/pyrenees-ariege-saverdun-gite-labourdette.fr\/#website\",\"url\":\"https:\/\/pyrenees-ariege-saverdun-gite-labourdette.fr\/\",\"name\":\"GITE - LA BOURDETTE - BONADEI - SAVERDUN - ARIEGE\",\"description\":\"GITE CHALEUREUX POUR 15 PERSONNES A SAVERDUN\",\"publisher\":{\"@id\":\"https:\/\/pyrenees-ariege-saverdun-gite-labourdette.fr\/#organization\"},\"potentialAction\":[{\"@type\":\"SearchAction\",\"target\":{\"@type\":\"EntryPoint\",\"urlTemplate\":\"https:\/\/pyrenees-ariege-saverdun-gite-labourdette.fr\/?s={search_term_string}\"},\"query-input\":{\"@type\":\"PropertyValueSpecification\",\"valueRequired\":true,\"valueName\":\"search_term_string\"}}],\"inLanguage\":\"fr-FR\"},{\"@type\":\"Organization\",\"@id\":\"https:\/\/pyrenees-ariege-saverdun-gite-labourdette.fr\/#organization\",\"name\":\"AB DEVELOPPEMENT\",\"url\":\"https:\/\/pyrenees-ariege-saverdun-gite-labourdette.fr\/\",\"logo\":{\"@type\":\"ImageObject\",\"inLanguage\":\"fr-FR\",\"@id\":\"https:\/\/pyrenees-ariege-saverdun-gite-labourdette.fr\/#\/schema\/logo\/image\/\",\"url\":\"https:\/\/pyrenees-ariege-saverdun-gite-labourdette.fr\/wp-content\/uploads\/2019\/10\/cropped-LOGO-e1570091373935-5.png\",\"contentUrl\":\"https:\/\/pyrenees-ariege-saverdun-gite-labourdette.fr\/wp-content\/uploads\/2019\/10\/cropped-LOGO-e1570091373935-5.png\",\"width\":100,\"height\":89,\"caption\":\"AB DEVELOPPEMENT\"},\"image\":{\"@id\":\"https:\/\/pyrenees-ariege-saverdun-gite-labourdette.fr\/#\/schema\/logo\/image\/\"},\"sameAs\":[\"https:\/\/www.youtube.com\/channel\/UC6BzW7WeKwgnxvTOGU3AD_A\"]}]}<\/script>\n<!-- \/ Yoast SEO plugin. -->","yoast_head_json":{"title":"Informations touristiques - GITE - BONADEI - SAVERDUN - ARIEGE","robots":{"index":"index","follow":"follow","max-snippet":"max-snippet:-1","max-image-preview":"max-image-preview:large","max-video-preview":"max-video-preview:-1"},"canonical":"https:\/\/pyrenees-ariege-saverdun-gite-labourdette.fr\/index.php\/informations-touristiques\/","og_locale":"fr_FR","og_type":"article","og_title":"Informations touristiques - GITE - BONADEI - SAVERDUN - ARIEGE","og_description":"Besoin d&rsquo;id\u00e9e, voici un aper\u00e7u des activit\u00e9s disponibles aux alentours.&nbsp;Mais pas d\u2019inqui\u00e9tude, nous avons mis sur place \u00e0 votre disposition divers&nbsp;flyers, magazines et livres qui pourront vous inspirer et vous ... Read More","og_url":"https:\/\/pyrenees-ariege-saverdun-gite-labourdette.fr\/index.php\/informations-touristiques\/","og_site_name":"GITE - BONADEI - SAVERDUN - ARIEGE","article_modified_time":"2025-01-03T13:52:44+00:00","og_image":[{"url":"http:\/\/pyrenees-ariege-saverdun-gite-labourdette.fr\/wp-content\/uploads\/2020\/08\/01.png","type":"","width":"","height":""}],"twitter_card":"summary_large_image","twitter_misc":{"Dur\u00e9e de lecture estim\u00e9e":"3 minutes"},"schema":{"@context":"https:\/\/schema.org","@graph":[{"@type":"WebPage","@id":"https:\/\/pyrenees-ariege-saverdun-gite-labourdette.fr\/index.php\/informations-touristiques\/","url":"https:\/\/pyrenees-ariege-saverdun-gite-labourdette.fr\/index.php\/informations-touristiques\/","name":"Informations touristiques - GITE - BONADEI - SAVERDUN - ARIEGE","isPartOf":{"@id":"https:\/\/pyrenees-ariege-saverdun-gite-labourdette.fr\/#website"},"primaryImageOfPage":{"@id":"https:\/\/pyrenees-ariege-saverdun-gite-labourdette.fr\/index.php\/informations-touristiques\/#primaryimage"},"image":{"@id":"https:\/\/pyrenees-ariege-saverdun-gite-labourdette.fr\/index.php\/informations-touristiques\/#primaryimage"},"thumbnailUrl":"http:\/\/pyrenees-ariege-saverdun-gite-labourdette.fr\/wp-content\/uploads\/2020\/08\/01.png","datePublished":"2019-10-01T09:27:23+00:00","dateModified":"2025-01-03T13:52:44+00:00","breadcrumb":{"@id":"https:\/\/pyrenees-ariege-saverdun-gite-labourdette.fr\/index.php\/informations-touristiques\/#breadcrumb"},"inLanguage":"fr-FR","potentialAction":[{"@type":"ReadAction","target":["https:\/\/pyrenees-ariege-saverdun-gite-labourdette.fr\/index.php\/informations-touristiques\/"]}]},{"@type":"ImageObject","inLanguage":"fr-FR","@id":"https:\/\/pyrenees-ariege-saverdun-gite-labourdette.fr\/index.php\/informations-touristiques\/#primaryimage","url":"https:\/\/pyrenees-ariege-saverdun-gite-labourdette.fr\/wp-content\/uploads\/2020\/08\/01.png","contentUrl":"https:\/\/pyrenees-ariege-saverdun-gite-labourdette.fr\/wp-content\/uploads\/2020\/08\/01.png","width":500,"height":340},{"@type":"BreadcrumbList","@id":"https:\/\/pyrenees-ariege-saverdun-gite-labourdette.fr\/index.php\/informations-touristiques\/#breadcrumb","itemListElement":[{"@type":"ListItem","position":1,"name":"Accueil","item":"https:\/\/pyrenees-ariege-saverdun-gite-labourdette.fr\/"},{"@type":"ListItem","position":2,"name":"Informations touristiques"}]},{"@type":"WebSite","@id":"https:\/\/pyrenees-ariege-saverdun-gite-labourdette.fr\/#website","url":"https:\/\/pyrenees-ariege-saverdun-gite-labourdette.fr\/","name":"GITE - LA BOURDETTE - BONADEI - SAVERDUN - ARIEGE","description":"GITE CHALEUREUX POUR 15 PERSONNES A SAVERDUN","publisher":{"@id":"https:\/\/pyrenees-ariege-saverdun-gite-labourdette.fr\/#organization"},"potentialAction":[{"@type":"SearchAction","target":{"@type":"EntryPoint","urlTemplate":"https:\/\/pyrenees-ariege-saverdun-gite-labourdette.fr\/?s={search_term_string}"},"query-input":{"@type":"PropertyValueSpecification","valueRequired":true,"valueName":"search_term_string"}}],"inLanguage":"fr-FR"},{"@type":"Organization","@id":"https:\/\/pyrenees-ariege-saverdun-gite-labourdette.fr\/#organization","name":"AB DEVELOPPEMENT","url":"https:\/\/pyrenees-ariege-saverdun-gite-labourdette.fr\/","logo":{"@type":"ImageObject","inLanguage":"fr-FR","@id":"https:\/\/pyrenees-ariege-saverdun-gite-labourdette.fr\/#\/schema\/logo\/image\/","url":"https:\/\/pyrenees-ariege-saverdun-gite-labourdette.fr\/wp-content\/uploads\/2019\/10\/cropped-LOGO-e1570091373935-5.png","contentUrl":"https:\/\/pyrenees-ariege-saverdun-gite-labourdette.fr\/wp-content\/uploads\/2019\/10\/cropped-LOGO-e1570091373935-5.png","width":100,"height":89,"caption":"AB DEVELOPPEMENT"},"image":{"@id":"https:\/\/pyrenees-ariege-saverdun-gite-labourdette.fr\/#\/schema\/logo\/image\/"},"sameAs":["https:\/\/www.youtube.com\/channel\/UC6BzW7WeKwgnxvTOGU3AD_A"]}]}},"_links":{"self":[{"href":"https:\/\/pyrenees-ariege-saverdun-gite-labourdette.fr\/index.php\/wp-json\/wp\/v2\/pages\/15","targetHints":{"allow":["GET"]}}],"collection":[{"href":"https:\/\/pyrenees-ariege-saverdun-gite-labourdette.fr\/index.php\/wp-json\/wp\/v2\/pages"}],"about":[{"href":"https:\/\/pyrenees-ariege-saverdun-gite-labourdette.fr\/index.php\/wp-json\/wp\/v2\/types\/page"}],"author":[{"embeddable":true,"href":"https:\/\/pyrenees-ariege-saverdun-gite-labourdette.fr\/index.php\/wp-json\/wp\/v2\/users\/4"}],"replies":[{"embeddable":true,"href":"https:\/\/pyrenees-ariege-saverdun-gite-labourdette.fr\/index.php\/wp-json\/wp\/v2\/comments?post=15"}],"version-history":[{"count":60,"href":"https:\/\/pyrenees-ariege-saverdun-gite-labourdette.fr\/index.php\/wp-json\/wp\/v2\/pages\/15\/revisions"}],"predecessor-version":[{"id":1025,"href":"https:\/\/pyrenees-ariege-saverdun-gite-labourdette.fr\/index.php\/wp-json\/wp\/v2\/pages\/15\/revisions\/1025"}],"wp:attachment":[{"href":"https:\/\/pyrenees-ariege-saverdun-gite-labourdette.fr\/index.php\/wp-json\/wp\/v2\/media?parent=15"}],"curies":[{"name":"wp","href":"https:\/\/api.w.org\/{rel}","templated":true}]}}