{"id":989,"date":"2022-05-24T16:24:46","date_gmt":"2022-05-24T14:24:46","guid":{"rendered":"http:\/\/pyrenees-ariege-saverdun-gite-labourdette.fr\/?page_id=989"},"modified":"2025-01-03T15:35:18","modified_gmt":"2025-01-03T14:35:18","slug":"autres-gites","status":"publish","type":"page","link":"https:\/\/pyrenees-ariege-saverdun-gite-labourdette.fr\/index.php\/autres-gites\/","title":{"rendered":"Nos G\u00eetes"},"content":{"rendered":"\n<p id=\"https:\/\/au-temps-suspendu.com\/\"><a href=\"https:\/\/au-temps-suspendu.com\/\"><img loading=\"lazy\" decoding=\"async\" width=\"150\" height=\"110\" class=\"wp-image-991\" style=\"width: 150px;\" src=\"https:\/\/pyrenees-ariege-saverdun-gite-labourdette.fr\/wp-content\/uploads\/2022\/05\/ATS-sans-fond-3.png\" alt=\"\" srcset=\"https:\/\/pyrenees-ariege-saverdun-gite-labourdette.fr\/wp-content\/uploads\/2022\/05\/ATS-sans-fond-3.png 413w, https:\/\/pyrenees-ariege-saverdun-gite-labourdette.fr\/wp-content\/uploads\/2022\/05\/ATS-sans-fond-3-300x219.png 300w\" sizes=\"auto, (max-width: 150px) 100vw, 150px\" \/><\/a><\/p>\n\n\n\n<p>G\u00eete situ\u00e9 \u00e0 St Martin d&rsquo;oydes<\/p>\n\n\n\n<p>C\u2019est sur un domaine de 6 hectares, que nous aurons le plaisir de vous accueillir, et ou vous aurez la joie de profiter de tous ses espaces. Partagez des moments de convivialit\u00e9 lors d\u2019un pique-nique au bord de notre lac, au calme en bordure de bois, en compagnie de nos alpagas. Vous pourrez profiter de nos bains de soleil au bord de la piscine, pour vous rafra\u00eechir et vous revitaliser, de nos terrasses am\u00e9nag\u00e9es, pour des moments d\u2019\u00e9changes au calme, avec des vues \u00e0 suspendre le temps, sur notre belle cha\u00eene des Pyr\u00e9n\u00e9es, notre \u00e9tang, nos vergers, ou notre lac.<br>Pour votre divertissement, nous vous proposons un terrain de p\u00e9tanque, une table de ping Pong et de nombreux autres jeux. Le tout dans un \u00e9crin de verdure.<\/p>\n\n\n\n<div class=\"wp-block-columns is-layout-flex wp-container-core-columns-is-layout-1 wp-block-columns-is-layout-flex\">\n<div class=\"wp-block-column is-layout-flow wp-block-column-is-layout-flow\" style=\"flex-basis:100%\">\n<figure class=\"wp-block-gallery columns-2 is-cropped wp-block-gallery-1 is-layout-flex wp-block-gallery-is-layout-flex\"><ul class=\"blocks-gallery-grid\"><li class=\"blocks-gallery-item\"><figure><img loading=\"lazy\" decoding=\"async\" width=\"1024\" height=\"682\" src=\"https:\/\/pyrenees-ariege-saverdun-gite-labourdette.fr\/wp-content\/uploads\/2022\/05\/DJI_0038-1-scaled-1-1024x682.jpg\" alt=\"\" data-id=\"996\" data-full-url=\"https:\/\/pyrenees-ariege-saverdun-gite-labourdette.fr\/wp-content\/uploads\/2022\/05\/DJI_0038-1-scaled-1.jpg\" data-link=\"https:\/\/pyrenees-ariege-saverdun-gite-labourdette.fr\/dji_0038-1-scaled\/\" class=\"wp-image-996\" srcset=\"https:\/\/pyrenees-ariege-saverdun-gite-labourdette.fr\/wp-content\/uploads\/2022\/05\/DJI_0038-1-scaled-1-1024x682.jpg 1024w, https:\/\/pyrenees-ariege-saverdun-gite-labourdette.fr\/wp-content\/uploads\/2022\/05\/DJI_0038-1-scaled-1-300x200.jpg 300w, https:\/\/pyrenees-ariege-saverdun-gite-labourdette.fr\/wp-content\/uploads\/2022\/05\/DJI_0038-1-scaled-1-768x512.jpg 768w, https:\/\/pyrenees-ariege-saverdun-gite-labourdette.fr\/wp-content\/uploads\/2022\/05\/DJI_0038-1-scaled-1-1536x1023.jpg 1536w, https:\/\/pyrenees-ariege-saverdun-gite-labourdette.fr\/wp-content\/uploads\/2022\/05\/DJI_0038-1-scaled-1-2048x1364.jpg 2048w\" sizes=\"auto, (max-width: 1024px) 100vw, 1024px\" \/><\/figure><\/li><li class=\"blocks-gallery-item\"><figure><img loading=\"lazy\" decoding=\"async\" width=\"1024\" height=\"683\" src=\"https:\/\/pyrenees-ariege-saverdun-gite-labourdette.fr\/wp-content\/uploads\/2022\/05\/J6A2570-1-scaled-1-1024x683.jpg\" alt=\"\" data-id=\"997\" data-full-url=\"https:\/\/pyrenees-ariege-saverdun-gite-labourdette.fr\/wp-content\/uploads\/2022\/05\/J6A2570-1-scaled-1.jpg\" data-link=\"https:\/\/pyrenees-ariege-saverdun-gite-labourdette.fr\/j6a2570-1-scaled\/\" class=\"wp-image-997\" srcset=\"https:\/\/pyrenees-ariege-saverdun-gite-labourdette.fr\/wp-content\/uploads\/2022\/05\/J6A2570-1-scaled-1-1024x683.jpg 1024w, https:\/\/pyrenees-ariege-saverdun-gite-labourdette.fr\/wp-content\/uploads\/2022\/05\/J6A2570-1-scaled-1-300x200.jpg 300w, https:\/\/pyrenees-ariege-saverdun-gite-labourdette.fr\/wp-content\/uploads\/2022\/05\/J6A2570-1-scaled-1-768x512.jpg 768w, https:\/\/pyrenees-ariege-saverdun-gite-labourdette.fr\/wp-content\/uploads\/2022\/05\/J6A2570-1-scaled-1-1536x1024.jpg 1536w, https:\/\/pyrenees-ariege-saverdun-gite-labourdette.fr\/wp-content\/uploads\/2022\/05\/J6A2570-1-scaled-1-2048x1366.jpg 2048w\" sizes=\"auto, (max-width: 1024px) 100vw, 1024px\" \/><\/figure><\/li><\/ul><\/figure>\n\n\n\n<div class=\"wp-block-group\"><div class=\"wp-block-group__inner-container is-layout-flow wp-block-group-is-layout-flow\">\n<p>Site Web : <a href=\"https:\/\/au-temps-suspendu.com\/\">https:\/\/au-temps-suspendu.com\/<\/a><\/p>\n<\/div><\/div>\n<\/div>\n<\/div>\n\n\n\n<p><\/p>\n","protected":false},"excerpt":{"rendered":"<p>G\u00eete situ\u00e9 \u00e0 St Martin d&rsquo;oydes C\u2019est sur un domaine de 6 hectares, que nous aurons le plaisir de vous accueillir, et ou vous aurez la joie de profiter de &#8230; <\/p>\n<div class=\"text-center\"><a class=\"more-link\" href=\"https:\/\/pyrenees-ariege-saverdun-gite-labourdette.fr\/index.php\/autres-gites\/\">Read More <i class=\"fa fa-angle-double-right\"><\/i><\/a><\/div>\n","protected":false},"author":3,"featured_media":0,"parent":0,"menu_order":0,"comment_status":"closed","ping_status":"closed","template":"","meta":{"footnotes":""},"class_list":["post-989","page","type-page","status-publish","hentry"],"yoast_head":"<!-- This site is optimized with the Yoast SEO plugin v26.8 - https:\/\/yoast.com\/product\/yoast-seo-wordpress\/ -->\n<title>Nos G\u00eetes - GITE - BONADEI - SAVERDUN - ARIEGE<\/title>\n<meta name=\"robots\" content=\"index, follow, max-snippet:-1, max-image-preview:large, max-video-preview:-1\" \/>\n<link rel=\"canonical\" href=\"https:\/\/pyrenees-ariege-saverdun-gite-labourdette.fr\/index.php\/autres-gites\/\" \/>\n<meta property=\"og:locale\" content=\"fr_FR\" \/>\n<meta property=\"og:type\" content=\"article\" \/>\n<meta property=\"og:title\" content=\"Nos G\u00eetes - GITE - BONADEI - SAVERDUN - ARIEGE\" \/>\n<meta property=\"og:description\" content=\"G\u00eete situ\u00e9 \u00e0 St Martin d&rsquo;oydes C\u2019est sur un domaine de 6 hectares, que nous aurons le plaisir de vous accueillir, et ou vous aurez la joie de profiter de ... Read More\" \/>\n<meta property=\"og:url\" content=\"https:\/\/pyrenees-ariege-saverdun-gite-labourdette.fr\/index.php\/autres-gites\/\" \/>\n<meta property=\"og:site_name\" content=\"GITE - BONADEI - SAVERDUN - ARIEGE\" \/>\n<meta property=\"article:modified_time\" content=\"2025-01-03T14:35:18+00:00\" \/>\n<meta property=\"og:image\" content=\"http:\/\/pyrenees-ariege-saverdun-gite-labourdette.fr\/wp-content\/uploads\/2022\/05\/ATS-sans-fond-3.png\" \/>\n<meta name=\"twitter:card\" content=\"summary_large_image\" \/>\n<meta name=\"twitter:label1\" content=\"Dur\u00e9e de lecture estim\u00e9e\" \/>\n\t<meta name=\"twitter:data1\" content=\"2 minutes\" \/>\n<script type=\"application\/ld+json\" class=\"yoast-schema-graph\">{\"@context\":\"https:\/\/schema.org\",\"@graph\":[{\"@type\":\"WebPage\",\"@id\":\"https:\/\/pyrenees-ariege-saverdun-gite-labourdette.fr\/index.php\/autres-gites\/\",\"url\":\"https:\/\/pyrenees-ariege-saverdun-gite-labourdette.fr\/index.php\/autres-gites\/\",\"name\":\"Nos G\u00eetes - GITE - BONADEI - SAVERDUN - ARIEGE\",\"isPartOf\":{\"@id\":\"https:\/\/pyrenees-ariege-saverdun-gite-labourdette.fr\/#website\"},\"primaryImageOfPage\":{\"@id\":\"https:\/\/pyrenees-ariege-saverdun-gite-labourdette.fr\/index.php\/autres-gites\/#primaryimage\"},\"image\":{\"@id\":\"https:\/\/pyrenees-ariege-saverdun-gite-labourdette.fr\/index.php\/autres-gites\/#primaryimage\"},\"thumbnailUrl\":\"http:\/\/pyrenees-ariege-saverdun-gite-labourdette.fr\/wp-content\/uploads\/2022\/05\/ATS-sans-fond-3.png\",\"datePublished\":\"2022-05-24T14:24:46+00:00\",\"dateModified\":\"2025-01-03T14:35:18+00:00\",\"breadcrumb\":{\"@id\":\"https:\/\/pyrenees-ariege-saverdun-gite-labourdette.fr\/index.php\/autres-gites\/#breadcrumb\"},\"inLanguage\":\"fr-FR\",\"potentialAction\":[{\"@type\":\"ReadAction\",\"target\":[\"https:\/\/pyrenees-ariege-saverdun-gite-labourdette.fr\/index.php\/autres-gites\/\"]}]},{\"@type\":\"ImageObject\",\"inLanguage\":\"fr-FR\",\"@id\":\"https:\/\/pyrenees-ariege-saverdun-gite-labourdette.fr\/index.php\/autres-gites\/#primaryimage\",\"url\":\"http:\/\/pyrenees-ariege-saverdun-gite-labourdette.fr\/wp-content\/uploads\/2022\/05\/ATS-sans-fond-3.png\",\"contentUrl\":\"http:\/\/pyrenees-ariege-saverdun-gite-labourdette.fr\/wp-content\/uploads\/2022\/05\/ATS-sans-fond-3.png\"},{\"@type\":\"BreadcrumbList\",\"@id\":\"https:\/\/pyrenees-ariege-saverdun-gite-labourdette.fr\/index.php\/autres-gites\/#breadcrumb\",\"itemListElement\":[{\"@type\":\"ListItem\",\"position\":1,\"name\":\"Accueil\",\"item\":\"https:\/\/pyrenees-ariege-saverdun-gite-labourdette.fr\/\"},{\"@type\":\"ListItem\",\"position\":2,\"name\":\"Nos G\u00eetes\"}]},{\"@type\":\"WebSite\",\"@id\":\"https:\/\/pyrenees-ariege-saverdun-gite-labourdette.fr\/#website\",\"url\":\"https:\/\/pyrenees-ariege-saverdun-gite-labourdette.fr\/\",\"name\":\"GITE - LA BOURDETTE - BONADEI - SAVERDUN - ARIEGE\",\"description\":\"GITE CHALEUREUX POUR 15 PERSONNES A SAVERDUN\",\"publisher\":{\"@id\":\"https:\/\/pyrenees-ariege-saverdun-gite-labourdette.fr\/#organization\"},\"potentialAction\":[{\"@type\":\"SearchAction\",\"target\":{\"@type\":\"EntryPoint\",\"urlTemplate\":\"https:\/\/pyrenees-ariege-saverdun-gite-labourdette.fr\/?s={search_term_string}\"},\"query-input\":{\"@type\":\"PropertyValueSpecification\",\"valueRequired\":true,\"valueName\":\"search_term_string\"}}],\"inLanguage\":\"fr-FR\"},{\"@type\":\"Organization\",\"@id\":\"https:\/\/pyrenees-ariege-saverdun-gite-labourdette.fr\/#organization\",\"name\":\"AB DEVELOPPEMENT\",\"url\":\"https:\/\/pyrenees-ariege-saverdun-gite-labourdette.fr\/\",\"logo\":{\"@type\":\"ImageObject\",\"inLanguage\":\"fr-FR\",\"@id\":\"https:\/\/pyrenees-ariege-saverdun-gite-labourdette.fr\/#\/schema\/logo\/image\/\",\"url\":\"https:\/\/pyrenees-ariege-saverdun-gite-labourdette.fr\/wp-content\/uploads\/2019\/10\/cropped-LOGO-e1570091373935-5.png\",\"contentUrl\":\"https:\/\/pyrenees-ariege-saverdun-gite-labourdette.fr\/wp-content\/uploads\/2019\/10\/cropped-LOGO-e1570091373935-5.png\",\"width\":100,\"height\":89,\"caption\":\"AB DEVELOPPEMENT\"},\"image\":{\"@id\":\"https:\/\/pyrenees-ariege-saverdun-gite-labourdette.fr\/#\/schema\/logo\/image\/\"},\"sameAs\":[\"https:\/\/www.youtube.com\/channel\/UC6BzW7WeKwgnxvTOGU3AD_A\"]}]}<\/script>\n<!-- \/ Yoast SEO plugin. -->","yoast_head_json":{"title":"Nos G\u00eetes - GITE - BONADEI - SAVERDUN - ARIEGE","robots":{"index":"index","follow":"follow","max-snippet":"max-snippet:-1","max-image-preview":"max-image-preview:large","max-video-preview":"max-video-preview:-1"},"canonical":"https:\/\/pyrenees-ariege-saverdun-gite-labourdette.fr\/index.php\/autres-gites\/","og_locale":"fr_FR","og_type":"article","og_title":"Nos G\u00eetes - GITE - BONADEI - SAVERDUN - ARIEGE","og_description":"G\u00eete situ\u00e9 \u00e0 St Martin d&rsquo;oydes C\u2019est sur un domaine de 6 hectares, que nous aurons le plaisir de vous accueillir, et ou vous aurez la joie de profiter de ... Read More","og_url":"https:\/\/pyrenees-ariege-saverdun-gite-labourdette.fr\/index.php\/autres-gites\/","og_site_name":"GITE - BONADEI - SAVERDUN - ARIEGE","article_modified_time":"2025-01-03T14:35:18+00:00","og_image":[{"url":"http:\/\/pyrenees-ariege-saverdun-gite-labourdette.fr\/wp-content\/uploads\/2022\/05\/ATS-sans-fond-3.png","type":"","width":"","height":""}],"twitter_card":"summary_large_image","twitter_misc":{"Dur\u00e9e de lecture estim\u00e9e":"2 minutes"},"schema":{"@context":"https:\/\/schema.org","@graph":[{"@type":"WebPage","@id":"https:\/\/pyrenees-ariege-saverdun-gite-labourdette.fr\/index.php\/autres-gites\/","url":"https:\/\/pyrenees-ariege-saverdun-gite-labourdette.fr\/index.php\/autres-gites\/","name":"Nos G\u00eetes - GITE - BONADEI - SAVERDUN - ARIEGE","isPartOf":{"@id":"https:\/\/pyrenees-ariege-saverdun-gite-labourdette.fr\/#website"},"primaryImageOfPage":{"@id":"https:\/\/pyrenees-ariege-saverdun-gite-labourdette.fr\/index.php\/autres-gites\/#primaryimage"},"image":{"@id":"https:\/\/pyrenees-ariege-saverdun-gite-labourdette.fr\/index.php\/autres-gites\/#primaryimage"},"thumbnailUrl":"http:\/\/pyrenees-ariege-saverdun-gite-labourdette.fr\/wp-content\/uploads\/2022\/05\/ATS-sans-fond-3.png","datePublished":"2022-05-24T14:24:46+00:00","dateModified":"2025-01-03T14:35:18+00:00","breadcrumb":{"@id":"https:\/\/pyrenees-ariege-saverdun-gite-labourdette.fr\/index.php\/autres-gites\/#breadcrumb"},"inLanguage":"fr-FR","potentialAction":[{"@type":"ReadAction","target":["https:\/\/pyrenees-ariege-saverdun-gite-labourdette.fr\/index.php\/autres-gites\/"]}]},{"@type":"ImageObject","inLanguage":"fr-FR","@id":"https:\/\/pyrenees-ariege-saverdun-gite-labourdette.fr\/index.php\/autres-gites\/#primaryimage","url":"http:\/\/pyrenees-ariege-saverdun-gite-labourdette.fr\/wp-content\/uploads\/2022\/05\/ATS-sans-fond-3.png","contentUrl":"http:\/\/pyrenees-ariege-saverdun-gite-labourdette.fr\/wp-content\/uploads\/2022\/05\/ATS-sans-fond-3.png"},{"@type":"BreadcrumbList","@id":"https:\/\/pyrenees-ariege-saverdun-gite-labourdette.fr\/index.php\/autres-gites\/#breadcrumb","itemListElement":[{"@type":"ListItem","position":1,"name":"Accueil","item":"https:\/\/pyrenees-ariege-saverdun-gite-labourdette.fr\/"},{"@type":"ListItem","position":2,"name":"Nos G\u00eetes"}]},{"@type":"WebSite","@id":"https:\/\/pyrenees-ariege-saverdun-gite-labourdette.fr\/#website","url":"https:\/\/pyrenees-ariege-saverdun-gite-labourdette.fr\/","name":"GITE - LA BOURDETTE - BONADEI - SAVERDUN - ARIEGE","description":"GITE CHALEUREUX POUR 15 PERSONNES A SAVERDUN","publisher":{"@id":"https:\/\/pyrenees-ariege-saverdun-gite-labourdette.fr\/#organization"},"potentialAction":[{"@type":"SearchAction","target":{"@type":"EntryPoint","urlTemplate":"https:\/\/pyrenees-ariege-saverdun-gite-labourdette.fr\/?s={search_term_string}"},"query-input":{"@type":"PropertyValueSpecification","valueRequired":true,"valueName":"search_term_string"}}],"inLanguage":"fr-FR"},{"@type":"Organization","@id":"https:\/\/pyrenees-ariege-saverdun-gite-labourdette.fr\/#organization","name":"AB DEVELOPPEMENT","url":"https:\/\/pyrenees-ariege-saverdun-gite-labourdette.fr\/","logo":{"@type":"ImageObject","inLanguage":"fr-FR","@id":"https:\/\/pyrenees-ariege-saverdun-gite-labourdette.fr\/#\/schema\/logo\/image\/","url":"https:\/\/pyrenees-ariege-saverdun-gite-labourdette.fr\/wp-content\/uploads\/2019\/10\/cropped-LOGO-e1570091373935-5.png","contentUrl":"https:\/\/pyrenees-ariege-saverdun-gite-labourdette.fr\/wp-content\/uploads\/2019\/10\/cropped-LOGO-e1570091373935-5.png","width":100,"height":89,"caption":"AB DEVELOPPEMENT"},"image":{"@id":"https:\/\/pyrenees-ariege-saverdun-gite-labourdette.fr\/#\/schema\/logo\/image\/"},"sameAs":["https:\/\/www.youtube.com\/channel\/UC6BzW7WeKwgnxvTOGU3AD_A"]}]}},"_links":{"self":[{"href":"https:\/\/pyrenees-ariege-saverdun-gite-labourdette.fr\/index.php\/wp-json\/wp\/v2\/pages\/989","targetHints":{"allow":["GET"]}}],"collection":[{"href":"https:\/\/pyrenees-ariege-saverdun-gite-labourdette.fr\/index.php\/wp-json\/wp\/v2\/pages"}],"about":[{"href":"https:\/\/pyrenees-ariege-saverdun-gite-labourdette.fr\/index.php\/wp-json\/wp\/v2\/types\/page"}],"author":[{"embeddable":true,"href":"https:\/\/pyrenees-ariege-saverdun-gite-labourdette.fr\/index.php\/wp-json\/wp\/v2\/users\/3"}],"replies":[{"embeddable":true,"href":"https:\/\/pyrenees-ariege-saverdun-gite-labourdette.fr\/index.php\/wp-json\/wp\/v2\/comments?post=989"}],"version-history":[{"count":9,"href":"https:\/\/pyrenees-ariege-saverdun-gite-labourdette.fr\/index.php\/wp-json\/wp\/v2\/pages\/989\/revisions"}],"predecessor-version":[{"id":1040,"href":"https:\/\/pyrenees-ariege-saverdun-gite-labourdette.fr\/index.php\/wp-json\/wp\/v2\/pages\/989\/revisions\/1040"}],"wp:attachment":[{"href":"https:\/\/pyrenees-ariege-saverdun-gite-labourdette.fr\/index.php\/wp-json\/wp\/v2\/media?parent=989"}],"curies":[{"name":"wp","href":"https:\/\/api.w.org\/{rel}","templated":true}]}}